
{"id":179,"date":"2026-02-12T12:53:50","date_gmt":"2026-02-12T11:53:50","guid":{"rendered":"https:\/\/lab.powerloop.ch\/?page_id=179"},"modified":"2026-02-18T10:23:47","modified_gmt":"2026-02-18T09:23:47","slug":"amelioration-de-lefficacite-des-reseaux-de-chaleur","status":"publish","type":"page","link":"https:\/\/lab.powerloop.ch\/fr\/technologie\/effizienzsteigerung-in-waermenetzen\/","title":{"rendered":"Am\u00e9liorer l'efficacit\u00e9 des r\u00e9seaux de chaleur"},"content":{"rendered":"","protected":false},"excerpt":{"rendered":"","protected":false},"author":1,"featured_media":0,"parent":171,"menu_order":0,"comment_status":"closed","ping_status":"closed","template":"","meta":{"uix_meta_title":"","uix_meta_description":"","uix_canonical_url":"","footnotes":""},"class_list":["post-179","page","type-page","status-publish","hentry"],"_links":{"self":[{"href":"https:\/\/lab.powerloop.ch\/fr\/wp-json\/wp\/v2\/pages\/179","targetHints":{"allow":["GET"]}}],"collection":[{"href":"https:\/\/lab.powerloop.ch\/fr\/wp-json\/wp\/v2\/pages"}],"about":[{"href":"https:\/\/lab.powerloop.ch\/fr\/wp-json\/wp\/v2\/types\/page"}],"author":[{"embeddable":true,"href":"https:\/\/lab.powerloop.ch\/fr\/wp-json\/wp\/v2\/users\/1"}],"replies":[{"embeddable":true,"href":"https:\/\/lab.powerloop.ch\/fr\/wp-json\/wp\/v2\/comments?post=179"}],"version-history":[{"count":2,"href":"https:\/\/lab.powerloop.ch\/fr\/wp-json\/wp\/v2\/pages\/179\/revisions"}],"predecessor-version":[{"id":411,"href":"https:\/\/lab.powerloop.ch\/fr\/wp-json\/wp\/v2\/pages\/179\/revisions\/411"}],"up":[{"embeddable":true,"href":"https:\/\/lab.powerloop.ch\/fr\/wp-json\/wp\/v2\/pages\/171"}],"wp:attachment":[{"href":"https:\/\/lab.powerloop.ch\/fr\/wp-json\/wp\/v2\/media?parent=179"}],"curies":[{"name":"wp","href":"https:\/\/api.w.org\/{rel}","templated":true}]}}