
{"id":402,"date":"2026-02-18T10:03:31","date_gmt":"2026-02-18T09:03:31","guid":{"rendered":"https:\/\/lab.powerloop.ch\/veranstaltungen\/"},"modified":"2026-02-18T10:03:31","modified_gmt":"2026-02-18T09:03:31","slug":"evenements","status":"publish","type":"page","link":"https:\/\/lab.powerloop.ch\/fr\/veranstaltungen\/","title":{"rendered":"\u00c9v\u00e9nements"},"content":{"rendered":"<style>.page-title, .entry-title, .entry-header, h1.post-title, .page-header, header.page-header, .post-header, .title-wrapper, .nv-page-title-wrap, .ast-archive-description, .td-page-header, .elementor-page-title, .et_pb_title_container, .oceanwp-page-header, .breadcrumb, .breadcrumbs, .page-header-title, #page-title { display: none !important; }<\/style><div class=\"vs-area\"><div class=\"vs-container-wide\"><div class=\"vs-spacer\"><\/div><header style=\"margin-bottom: 50px;\"><h1 style=\"font-family: var(--pl-font); font-size: clamp(36px, 6vw, 56px); font-weight: 600; letter-spacing:-0.02em; line-height: 1.1; margin:0; text-transform:none;\">\u00c9v\u00e9nements \u00e0 venir<\/h1><\/header><div class=\"vs-main-list\"><article><a href=\"https:\/\/lab.powerloop.ch\/fr\/veranstaltungen\/stadtwerkekongress-energie-im-wandel\/\" class=\"vs-orbit-card\"><div class=\"vs-orbit-date-box\"><div class=\"vs-orbit-day\">24<\/div><div class=\"vs-orbit-month\">avril 2026<\/div><\/div><div class=\"vs-orbit-content\"><h2 class=\"vs-orbit-title\">Stadtwerkekongress: Energie im Wandel<\/h2><p class=\"vs-orbit-excerpt\">Ort: Casino de Montbenon Lausanne, All. Ernest-Ansermet 3, 1003 Lausanne<\/p><\/div><\/a><\/article><\/div><div class=\"vs-spacer\"><\/div><\/div><\/div>","protected":false},"excerpt":{"rendered":"","protected":false},"author":1,"featured_media":0,"parent":0,"menu_order":0,"comment_status":"closed","ping_status":"closed","template":"","meta":{"uix_meta_title":"","uix_meta_description":"","uix_canonical_url":"","footnotes":""},"class_list":["post-402","page","type-page","status-publish","hentry"],"_links":{"self":[{"href":"https:\/\/lab.powerloop.ch\/fr\/wp-json\/wp\/v2\/pages\/402","targetHints":{"allow":["GET"]}}],"collection":[{"href":"https:\/\/lab.powerloop.ch\/fr\/wp-json\/wp\/v2\/pages"}],"about":[{"href":"https:\/\/lab.powerloop.ch\/fr\/wp-json\/wp\/v2\/types\/page"}],"author":[{"embeddable":true,"href":"https:\/\/lab.powerloop.ch\/fr\/wp-json\/wp\/v2\/users\/1"}],"replies":[{"embeddable":true,"href":"https:\/\/lab.powerloop.ch\/fr\/wp-json\/wp\/v2\/comments?post=402"}],"version-history":[{"count":0,"href":"https:\/\/lab.powerloop.ch\/fr\/wp-json\/wp\/v2\/pages\/402\/revisions"}],"wp:attachment":[{"href":"https:\/\/lab.powerloop.ch\/fr\/wp-json\/wp\/v2\/media?parent=402"}],"curies":[{"name":"wp","href":"https:\/\/api.w.org\/{rel}","templated":true}]}}